{"id":10,"date":"2024-01-09T13:49:03","date_gmt":"2024-01-09T13:49:03","guid":{"rendered":"https:\/\/ndeky.org\/?page_id=10"},"modified":"2025-06-20T13:07:54","modified_gmt":"2025-06-20T13:07:54","slug":"inicio","status":"publish","type":"page","link":"https:\/\/ndeky.org\/","title":{"rendered":"Proyecto Ndeky:"},"content":{"rendered":"\n<p><\/p>\n\n\n\n<p><strong>NDEKY&nbsp;<\/strong>significa&nbsp;<strong>DESAYUNO&nbsp;<\/strong>en idioma wolof de Senegal. Este proyecto se promueve para que cerca de 100 ni\u00f1os de entre 5 y 18 a\u00f1os puedan DESAYUNAR y tener acceso a una actividad de juego\/ocio. Estos peque\u00f1os viven en su \u201cDaara\u201d (centro de acogida en condiciones p\u00e9simas de higiene), en un lugar en el que algo tan&nbsp;b\u00e1sico&nbsp;como desayunar, est\u00e1&nbsp;al alcance de pocos.<\/p>\n\n\n\n<p class=\"has-text-align-center\">S\u00f3lo por entrar a vernos, MUCHAS GRACIAS.<\/p>\n\n\n\n<p>LINKS A NOVEDADES:<\/p>\n\n\n<ul class=\"wp-block-latest-posts__list is-grid columns-3 wp-block-latest-posts\"><li><a class=\"wp-block-latest-posts__post-title\" href=\"https:\/\/ndeky.org\/index.php\/2025\/06\/20\/viaje-a-terreno-2025\/\">Viaje a terreno 2025<\/a><\/li>\n<li><a class=\"wp-block-latest-posts__post-title\" href=\"https:\/\/ndeky.org\/index.php\/2025\/03\/22\/danza-sabar-feb-abril-2025\/\">Danza Sabar feb-abril 2025<\/a><\/li>\n<li><a class=\"wp-block-latest-posts__post-title\" href=\"https:\/\/ndeky.org\/index.php\/2024\/09\/20\/jugando-en-septiembre-2024\/\">Jugando en septiembre 2024<\/a><\/li>\n<li><a class=\"wp-block-latest-posts__post-title\" href=\"https:\/\/ndeky.org\/index.php\/2024\/04\/24\/viaje-a-terreno-2024\/\">Viaje a terreno 2024<\/a><\/li>\n<li><a class=\"wp-block-latest-posts__post-title\" href=\"https:\/\/ndeky.org\/index.php\/2024\/01\/31\/manana-volvemos\/\">&#8220;Ma\u00f1ana volvemos&#8221;<\/a><\/li>\n<\/ul>\n\n\n<hr class=\"wp-block-separator has-alpha-channel-opacity\"\/>\n\n\n\n<div class=\"wp-block-columns is-layout-flex wp-container-core-columns-is-layout-9d6595d7 wp-block-columns-is-layout-flex\">\n<div class=\"wp-block-column is-vertically-aligned-center is-layout-flow wp-block-column-is-layout-flow\" style=\"flex-basis:50%\">\n<figure class=\"wp-block-embed is-type-video is-provider-youtube wp-block-embed-youtube wp-embed-aspect-16-9 wp-has-aspect-ratio\"><div class=\"wp-block-embed__wrapper\">\n<iframe loading=\"lazy\" title=\"Proyecto Ndeky Desayuno talib\u00e9s al aire libre\" width=\"1200\" height=\"675\" src=\"https:\/\/www.youtube.com\/embed\/0D6BrbqFtq8?feature=oembed\" frameborder=\"0\" allow=\"accelerometer; autoplay; clipboard-write; encrypted-media; gyroscope; picture-in-picture; web-share\" referrerpolicy=\"strict-origin-when-cross-origin\" allowfullscreen><\/iframe>\n<\/div><\/figure>\n<\/div>\n\n\n\n<div class=\"wp-block-column is-vertically-aligned-center is-layout-flow wp-block-column-is-layout-flow\" style=\"flex-basis:50%\">\n<figure class=\"wp-block-embed is-type-video is-provider-youtube wp-block-embed-youtube wp-embed-aspect-16-9 wp-has-aspect-ratio\"><div class=\"wp-block-embed__wrapper\">\n<iframe loading=\"lazy\" title=\"Proyecto Ndeky Senegal\" width=\"1200\" height=\"675\" src=\"https:\/\/www.youtube.com\/embed\/khcU-Np8SUk?feature=oembed\" frameborder=\"0\" allow=\"accelerometer; autoplay; clipboard-write; encrypted-media; gyroscope; picture-in-picture; web-share\" referrerpolicy=\"strict-origin-when-cross-origin\" allowfullscreen><\/iframe>\n<\/div><\/figure>\n<\/div>\n<\/div>\n\n\n\n<hr class=\"wp-block-separator has-alpha-channel-opacity\"\/>\n\n\n\n<p class=\"has-text-align-center has-text-color has-link-color has-large-font-size wp-elements-2090b16191339d6c7110afeebcfd1c5f\" style=\"color:#53892f\"><strong><em>Porque al final, sonr\u00eden ellos, sonre\u00edmos nosotros tambi\u00e9n&nbsp;<\/em><\/strong><\/p>\n\n\n\n<div class=\"wp-block-cover alignfull\"><img loading=\"lazy\" decoding=\"async\" width=\"640\" height=\"399\" class=\"wp-block-cover__image-background wp-image-97\" alt=\"\" src=\"https:\/\/ndeky.org\/wp-content\/uploads\/2024\/01\/puente.jpeg\" data-object-fit=\"cover\" srcset=\"https:\/\/ndeky.org\/wp-content\/uploads\/2024\/01\/puente.jpeg 640w, https:\/\/ndeky.org\/wp-content\/uploads\/2024\/01\/puente-300x187.jpeg 300w\" sizes=\"auto, (max-width: 640px) 100vw, 640px\" \/><span aria-hidden=\"true\" class=\"wp-block-cover__background has-background-dim\"><\/span><div class=\"wp-block-cover__inner-container is-layout-flow wp-block-cover-is-layout-flow\">\n<p class=\"has-text-align-center has-large-font-size\">Tendiendo puentes con la infancia de Senegal<\/p>\n<\/div><\/div>\n\n\n\n<p><\/p>\n","protected":false},"excerpt":{"rendered":"<p>NDEKY&nbsp;significa&nbsp;DESAYUNO&nbsp;en idioma wolof de Senegal. Este proyecto se promueve para que cerca de 100 ni\u00f1os de entre 5 y 18 a\u00f1os puedan DESAYUNAR y tener acceso a una actividad de juego\/ocio. Estos peque\u00f1os viven en su \u201cDaara\u201d (centro de acogida en condiciones p\u00e9simas de higiene), en un lugar en el que algo tan&nbsp;b\u00e1sico&nbsp;como desayunar, est\u00e1&nbsp;al &#8230; <a title=\"Proyecto Ndeky:\" class=\"read-more\" href=\"https:\/\/ndeky.org\/\" aria-label=\"Read more about Proyecto Ndeky:\">Read more<\/a><\/p>\n","protected":false},"author":1,"featured_media":0,"parent":0,"menu_order":0,"comment_status":"closed","ping_status":"closed","template":"","meta":{"footnotes":""},"class_list":["post-10","page","type-page","status-publish"],"yoast_head":"<!-- This site is optimized with the Yoast SEO plugin v27.0 - https:\/\/yoast.com\/product\/yoast-seo-wordpress\/ -->\n<title>Proyecto Ndeky: - Proyecto Ndeky<\/title>\n<meta name=\"robots\" content=\"index, follow, max-snippet:-1, max-image-preview:large, max-video-preview:-1\" \/>\n<link rel=\"canonical\" href=\"https:\/\/ndeky.org\/\" \/>\n<meta property=\"og:locale\" content=\"en_US\" \/>\n<meta property=\"og:type\" content=\"article\" \/>\n<meta property=\"og:title\" content=\"Proyecto Ndeky: - Proyecto Ndeky\" \/>\n<meta property=\"og:description\" content=\"NDEKY&nbsp;significa&nbsp;DESAYUNO&nbsp;en idioma wolof de Senegal. Este proyecto se promueve para que cerca de 100 ni\u00f1os de entre 5 y 18 a\u00f1os puedan DESAYUNAR y tener acceso a una actividad de juego\/ocio. Estos peque\u00f1os viven en su \u201cDaara\u201d (centro de acogida en condiciones p\u00e9simas de higiene), en un lugar en el que algo tan&nbsp;b\u00e1sico&nbsp;como desayunar, est\u00e1&nbsp;al ... Read more\" \/>\n<meta property=\"og:url\" content=\"https:\/\/ndeky.org\/\" \/>\n<meta property=\"og:site_name\" content=\"Proyecto Ndeky\" \/>\n<meta property=\"article:publisher\" content=\"https:\/\/www.facebook.com\/profile.php?id=100093903516674\" \/>\n<meta property=\"article:modified_time\" content=\"2025-06-20T13:07:54+00:00\" \/>\n<meta property=\"og:image\" content=\"https:\/\/ndeky.org\/wp-content\/uploads\/2024\/01\/puente.jpeg\" \/>\n\t<meta property=\"og:image:width\" content=\"640\" \/>\n\t<meta property=\"og:image:height\" content=\"399\" \/>\n\t<meta property=\"og:image:type\" content=\"image\/jpeg\" \/>\n<meta name=\"twitter:card\" content=\"summary_large_image\" \/>\n<meta name=\"twitter:label1\" content=\"Est. reading time\" \/>\n\t<meta name=\"twitter:data1\" content=\"1 minute\" \/>\n<script type=\"application\/ld+json\" class=\"yoast-schema-graph\">{\"@context\":\"https:\/\/schema.org\",\"@graph\":[{\"@type\":\"WebPage\",\"@id\":\"https:\/\/ndeky.org\/\",\"url\":\"https:\/\/ndeky.org\/\",\"name\":\"Proyecto Ndeky: - Proyecto Ndeky\",\"isPartOf\":{\"@id\":\"https:\/\/ndeky.org\/#website\"},\"primaryImageOfPage\":{\"@id\":\"https:\/\/ndeky.org\/#primaryimage\"},\"image\":{\"@id\":\"https:\/\/ndeky.org\/#primaryimage\"},\"thumbnailUrl\":\"https:\/\/ndeky.org\/wp-content\/uploads\/2024\/01\/puente.jpeg\",\"datePublished\":\"2024-01-09T13:49:03+00:00\",\"dateModified\":\"2025-06-20T13:07:54+00:00\",\"breadcrumb\":{\"@id\":\"https:\/\/ndeky.org\/#breadcrumb\"},\"inLanguage\":\"en-US\",\"potentialAction\":[{\"@type\":\"ReadAction\",\"target\":[\"https:\/\/ndeky.org\/\"]}]},{\"@type\":\"ImageObject\",\"inLanguage\":\"en-US\",\"@id\":\"https:\/\/ndeky.org\/#primaryimage\",\"url\":\"https:\/\/ndeky.org\/wp-content\/uploads\/2024\/01\/puente.jpeg\",\"contentUrl\":\"https:\/\/ndeky.org\/wp-content\/uploads\/2024\/01\/puente.jpeg\",\"width\":640,\"height\":399},{\"@type\":\"BreadcrumbList\",\"@id\":\"https:\/\/ndeky.org\/#breadcrumb\",\"itemListElement\":[{\"@type\":\"ListItem\",\"position\":1,\"name\":\"Home\",\"item\":\"https:\/\/ndeky.org\/\"},{\"@type\":\"ListItem\",\"position\":2,\"name\":\"Proyecto Ndeky:\"}]},{\"@type\":\"WebSite\",\"@id\":\"https:\/\/ndeky.org\/#website\",\"url\":\"https:\/\/ndeky.org\/\",\"name\":\"Proyecto Ndeky\",\"description\":\"Proyecto para infancia en Saint Louis, Senegal\",\"publisher\":{\"@id\":\"https:\/\/ndeky.org\/#organization\"},\"potentialAction\":[{\"@type\":\"SearchAction\",\"target\":{\"@type\":\"EntryPoint\",\"urlTemplate\":\"https:\/\/ndeky.org\/?s={search_term_string}\"},\"query-input\":{\"@type\":\"PropertyValueSpecification\",\"valueRequired\":true,\"valueName\":\"search_term_string\"}}],\"inLanguage\":\"en-US\"},{\"@type\":\"Organization\",\"@id\":\"https:\/\/ndeky.org\/#organization\",\"name\":\"Asociaci\u00f3n Ndeky \u00c1frica\",\"url\":\"https:\/\/ndeky.org\/\",\"logo\":{\"@type\":\"ImageObject\",\"inLanguage\":\"en-US\",\"@id\":\"https:\/\/ndeky.org\/#\/schema\/logo\/image\/\",\"url\":\"https:\/\/ndeky.org\/wp-content\/uploads\/2025\/06\/cropped-android-icon-48x48-1.png\",\"contentUrl\":\"https:\/\/ndeky.org\/wp-content\/uploads\/2025\/06\/cropped-android-icon-48x48-1.png\",\"width\":48,\"height\":48,\"caption\":\"Asociaci\u00f3n Ndeky \u00c1frica\"},\"image\":{\"@id\":\"https:\/\/ndeky.org\/#\/schema\/logo\/image\/\"},\"sameAs\":[\"https:\/\/www.facebook.com\/profile.php?id=100093903516674\",\"https:\/\/www.instagram.com\/proyectondeky\"]}]}<\/script>\n<!-- \/ Yoast SEO plugin. -->","yoast_head_json":{"title":"Proyecto Ndeky: - Proyecto Ndeky","robots":{"index":"index","follow":"follow","max-snippet":"max-snippet:-1","max-image-preview":"max-image-preview:large","max-video-preview":"max-video-preview:-1"},"canonical":"https:\/\/ndeky.org\/","og_locale":"en_US","og_type":"article","og_title":"Proyecto Ndeky: - Proyecto Ndeky","og_description":"NDEKY&nbsp;significa&nbsp;DESAYUNO&nbsp;en idioma wolof de Senegal. Este proyecto se promueve para que cerca de 100 ni\u00f1os de entre 5 y 18 a\u00f1os puedan DESAYUNAR y tener acceso a una actividad de juego\/ocio. Estos peque\u00f1os viven en su \u201cDaara\u201d (centro de acogida en condiciones p\u00e9simas de higiene), en un lugar en el que algo tan&nbsp;b\u00e1sico&nbsp;como desayunar, est\u00e1&nbsp;al ... Read more","og_url":"https:\/\/ndeky.org\/","og_site_name":"Proyecto Ndeky","article_publisher":"https:\/\/www.facebook.com\/profile.php?id=100093903516674","article_modified_time":"2025-06-20T13:07:54+00:00","og_image":[{"width":640,"height":399,"url":"https:\/\/ndeky.org\/wp-content\/uploads\/2024\/01\/puente.jpeg","type":"image\/jpeg"}],"twitter_card":"summary_large_image","twitter_misc":{"Est. reading time":"1 minute"},"schema":{"@context":"https:\/\/schema.org","@graph":[{"@type":"WebPage","@id":"https:\/\/ndeky.org\/","url":"https:\/\/ndeky.org\/","name":"Proyecto Ndeky: - Proyecto Ndeky","isPartOf":{"@id":"https:\/\/ndeky.org\/#website"},"primaryImageOfPage":{"@id":"https:\/\/ndeky.org\/#primaryimage"},"image":{"@id":"https:\/\/ndeky.org\/#primaryimage"},"thumbnailUrl":"https:\/\/ndeky.org\/wp-content\/uploads\/2024\/01\/puente.jpeg","datePublished":"2024-01-09T13:49:03+00:00","dateModified":"2025-06-20T13:07:54+00:00","breadcrumb":{"@id":"https:\/\/ndeky.org\/#breadcrumb"},"inLanguage":"en-US","potentialAction":[{"@type":"ReadAction","target":["https:\/\/ndeky.org\/"]}]},{"@type":"ImageObject","inLanguage":"en-US","@id":"https:\/\/ndeky.org\/#primaryimage","url":"https:\/\/ndeky.org\/wp-content\/uploads\/2024\/01\/puente.jpeg","contentUrl":"https:\/\/ndeky.org\/wp-content\/uploads\/2024\/01\/puente.jpeg","width":640,"height":399},{"@type":"BreadcrumbList","@id":"https:\/\/ndeky.org\/#breadcrumb","itemListElement":[{"@type":"ListItem","position":1,"name":"Home","item":"https:\/\/ndeky.org\/"},{"@type":"ListItem","position":2,"name":"Proyecto Ndeky:"}]},{"@type":"WebSite","@id":"https:\/\/ndeky.org\/#website","url":"https:\/\/ndeky.org\/","name":"Proyecto Ndeky","description":"Proyecto para infancia en Saint Louis, Senegal","publisher":{"@id":"https:\/\/ndeky.org\/#organization"},"potentialAction":[{"@type":"SearchAction","target":{"@type":"EntryPoint","urlTemplate":"https:\/\/ndeky.org\/?s={search_term_string}"},"query-input":{"@type":"PropertyValueSpecification","valueRequired":true,"valueName":"search_term_string"}}],"inLanguage":"en-US"},{"@type":"Organization","@id":"https:\/\/ndeky.org\/#organization","name":"Asociaci\u00f3n Ndeky \u00c1frica","url":"https:\/\/ndeky.org\/","logo":{"@type":"ImageObject","inLanguage":"en-US","@id":"https:\/\/ndeky.org\/#\/schema\/logo\/image\/","url":"https:\/\/ndeky.org\/wp-content\/uploads\/2025\/06\/cropped-android-icon-48x48-1.png","contentUrl":"https:\/\/ndeky.org\/wp-content\/uploads\/2025\/06\/cropped-android-icon-48x48-1.png","width":48,"height":48,"caption":"Asociaci\u00f3n Ndeky \u00c1frica"},"image":{"@id":"https:\/\/ndeky.org\/#\/schema\/logo\/image\/"},"sameAs":["https:\/\/www.facebook.com\/profile.php?id=100093903516674","https:\/\/www.instagram.com\/proyectondeky"]}]}},"_links":{"self":[{"href":"https:\/\/ndeky.org\/index.php\/wp-json\/wp\/v2\/pages\/10","targetHints":{"allow":["GET"]}}],"collection":[{"href":"https:\/\/ndeky.org\/index.php\/wp-json\/wp\/v2\/pages"}],"about":[{"href":"https:\/\/ndeky.org\/index.php\/wp-json\/wp\/v2\/types\/page"}],"author":[{"embeddable":true,"href":"https:\/\/ndeky.org\/index.php\/wp-json\/wp\/v2\/users\/1"}],"replies":[{"embeddable":true,"href":"https:\/\/ndeky.org\/index.php\/wp-json\/wp\/v2\/comments?post=10"}],"version-history":[{"count":16,"href":"https:\/\/ndeky.org\/index.php\/wp-json\/wp\/v2\/pages\/10\/revisions"}],"predecessor-version":[{"id":335,"href":"https:\/\/ndeky.org\/index.php\/wp-json\/wp\/v2\/pages\/10\/revisions\/335"}],"wp:attachment":[{"href":"https:\/\/ndeky.org\/index.php\/wp-json\/wp\/v2\/media?parent=10"}],"curies":[{"name":"wp","href":"https:\/\/api.w.org\/{rel}","templated":true}]}}