{"id":39,"date":"2024-01-26T17:25:59","date_gmt":"2024-01-26T17:25:59","guid":{"rendered":"https:\/\/ndeky.org\/?page_id=39"},"modified":"2024-02-06T11:47:18","modified_gmt":"2024-02-06T11:47:18","slug":"accion","status":"publish","type":"page","link":"https:\/\/ndeky.org\/index.php\/accion\/","title":{"rendered":"Acci\u00f3n"},"content":{"rendered":"\n<div class=\"wp-block-columns is-layout-flex wp-container-core-columns-is-layout-9d6595d7 wp-block-columns-is-layout-flex\">\n<div class=\"wp-block-column is-layout-flow wp-block-column-is-layout-flow\" style=\"flex-basis:50%\">\n<figure class=\"wp-block-embed is-type-video is-provider-youtube wp-block-embed-youtube wp-embed-aspect-16-9 wp-has-aspect-ratio\"><div class=\"wp-block-embed__wrapper\">\n<iframe loading=\"lazy\" title=\"Proyecto Ndeky Desayuno talib\u00e9s al aire libre\" width=\"1200\" height=\"675\" src=\"https:\/\/www.youtube.com\/embed\/0D6BrbqFtq8?feature=oembed\" frameborder=\"0\" allow=\"accelerometer; autoplay; clipboard-write; encrypted-media; gyroscope; picture-in-picture; web-share\" allowfullscreen><\/iframe>\n<\/div><figcaption class=\"wp-element-caption\"><a href=\"https:\/\/www.youtube.com\/watch?v=0D6BrbqFtq8&amp;pp=ygUFbmRla3k%3D\" target=\"_blank\" rel=\"noreferrer noopener\">Proyecto Ndeky Desayuno talib\u00e9s al aire libre<\/a><br>Proyecto Ndeky \ud83d\ude42 proyecto Desayuno. Desayuno hecho al aire libre para los ni\u00f1os talib\u00e9s en Saint Luis. Senegal. Gracias a Petit y su familia por organizarlo frente a su casa y ser nuestras manos para el desayuno de los ni\u00f1os. NDEKKY!!<\/figcaption><\/figure>\n<\/div>\n\n\n\n<div class=\"wp-block-column is-layout-flow wp-block-column-is-layout-flow\" style=\"flex-basis:50%\">\n<figure class=\"wp-block-embed is-type-video is-provider-youtube wp-block-embed-youtube wp-embed-aspect-16-9 wp-has-aspect-ratio\"><div class=\"wp-block-embed__wrapper\">\n<iframe loading=\"lazy\" title=\"TAlibes cantando\" width=\"1200\" height=\"675\" src=\"https:\/\/www.youtube.com\/embed\/M7xpT1wHqu8?feature=oembed\" frameborder=\"0\" allow=\"accelerometer; autoplay; clipboard-write; encrypted-media; gyroscope; picture-in-picture; web-share\" allowfullscreen><\/iframe>\n<\/div><figcaption class=\"wp-element-caption\">NI\u00d1OS TALIBES DE LA ESCUELA CANTANDO DESPUES DEL DESAYUNO<\/figcaption><\/figure>\n<\/div>\n<\/div>\n\n\n\n<h2 class=\"wp-block-heading\">Actividades y reparto de tratamientos basicos: Nov2023<\/h2>\n\n\n\n<div style=\"height:100px\" aria-hidden=\"true\" class=\"wp-block-spacer\"><\/div>\n\n\n\n<figure class=\"wp-block-gallery aligncenter has-nested-images columns-4 is-cropped wp-block-gallery-1 is-layout-flex wp-block-gallery-is-layout-flex\">\n<figure class=\"wp-block-image size-large\"><img loading=\"lazy\" decoding=\"async\" width=\"299\" height=\"276\" data-id=\"17\" src=\"https:\/\/ndeky.org\/wp-content\/uploads\/2024\/01\/LogoNdeky.png\" alt=\"\" class=\"wp-image-17\"\/><\/figure>\n\n\n\n<figure class=\"wp-block-image size-large\"><img loading=\"lazy\" decoding=\"async\" width=\"768\" height=\"1024\" data-id=\"140\" src=\"http:\/\/ndeky.org\/wp-content\/uploads\/2024\/01\/IMG-20231110-WA0051-768x1024.jpg\" alt=\"\" class=\"wp-image-140\" srcset=\"https:\/\/ndeky.org\/wp-content\/uploads\/2024\/01\/IMG-20231110-WA0051-768x1024.jpg 768w, https:\/\/ndeky.org\/wp-content\/uploads\/2024\/01\/IMG-20231110-WA0051-225x300.jpg 225w, https:\/\/ndeky.org\/wp-content\/uploads\/2024\/01\/IMG-20231110-WA0051.jpg 960w\" sizes=\"auto, (max-width: 768px) 100vw, 768px\" \/><\/figure>\n\n\n\n<figure class=\"wp-block-image size-large\"><img loading=\"lazy\" decoding=\"async\" width=\"768\" height=\"1024\" data-id=\"141\" src=\"http:\/\/ndeky.org\/wp-content\/uploads\/2024\/01\/IMG-20231110-WA0056-768x1024.jpg\" alt=\"\" class=\"wp-image-141\" srcset=\"https:\/\/ndeky.org\/wp-content\/uploads\/2024\/01\/IMG-20231110-WA0056-768x1024.jpg 768w, https:\/\/ndeky.org\/wp-content\/uploads\/2024\/01\/IMG-20231110-WA0056-225x300.jpg 225w, https:\/\/ndeky.org\/wp-content\/uploads\/2024\/01\/IMG-20231110-WA0056.jpg 960w\" sizes=\"auto, (max-width: 768px) 100vw, 768px\" \/><\/figure>\n\n\n\n<figure class=\"wp-block-image size-large\"><img loading=\"lazy\" decoding=\"async\" width=\"750\" height=\"1000\" data-id=\"146\" src=\"https:\/\/ndeky.org\/wp-content\/uploads\/2024\/01\/IMG-20231112-WA0014.jpg\" alt=\"cura de ojos\" class=\"wp-image-146\" srcset=\"https:\/\/ndeky.org\/wp-content\/uploads\/2024\/01\/IMG-20231112-WA0014.jpg 750w, https:\/\/ndeky.org\/wp-content\/uploads\/2024\/01\/IMG-20231112-WA0014-225x300.jpg 225w\" sizes=\"auto, (max-width: 750px) 100vw, 750px\" \/><figcaption class=\"wp-element-caption\">Su curando infecciones de los ojos de los ni\u00f1os<\/figcaption><\/figure>\n\n\n\n<figure class=\"wp-block-image size-large\"><img loading=\"lazy\" decoding=\"async\" width=\"768\" height=\"1024\" data-id=\"135\" src=\"https:\/\/ndeky.org\/wp-content\/uploads\/2024\/01\/IMG-20231116-WA0052-768x1024.jpg\" alt=\"\" class=\"wp-image-135\" srcset=\"https:\/\/ndeky.org\/wp-content\/uploads\/2024\/01\/IMG-20231116-WA0052-768x1024.jpg 768w, https:\/\/ndeky.org\/wp-content\/uploads\/2024\/01\/IMG-20231116-WA0052-225x300.jpg 225w, https:\/\/ndeky.org\/wp-content\/uploads\/2024\/01\/IMG-20231116-WA0052.jpg 960w\" sizes=\"auto, (max-width: 768px) 100vw, 768px\" \/><\/figure>\n\n\n<div class=\"wp-block-image\">\n<figure class=\"alignleft size-large\"><img loading=\"lazy\" decoding=\"async\" width=\"1000\" height=\"750\" data-id=\"119\" src=\"https:\/\/ndeky.org\/wp-content\/uploads\/2024\/01\/IMG-20231119-WA0003.jpg\" alt=\"\" class=\"wp-image-119\" srcset=\"https:\/\/ndeky.org\/wp-content\/uploads\/2024\/01\/IMG-20231119-WA0003.jpg 1000w, https:\/\/ndeky.org\/wp-content\/uploads\/2024\/01\/IMG-20231119-WA0003-300x225.jpg 300w, https:\/\/ndeky.org\/wp-content\/uploads\/2024\/01\/IMG-20231119-WA0003-768x576.jpg 768w\" sizes=\"auto, (max-width: 1000px) 100vw, 1000px\" \/><\/figure>\n<\/div>\n\n\n<figure class=\"wp-block-image size-large\"><img loading=\"lazy\" decoding=\"async\" width=\"485\" height=\"1024\" data-id=\"122\" src=\"https:\/\/ndeky.org\/wp-content\/uploads\/2024\/01\/20231109_195600-485x1024.jpg\" alt=\"\" class=\"wp-image-122\" srcset=\"https:\/\/ndeky.org\/wp-content\/uploads\/2024\/01\/20231109_195600-485x1024.jpg 485w, https:\/\/ndeky.org\/wp-content\/uploads\/2024\/01\/20231109_195600-142x300.jpg 142w, https:\/\/ndeky.org\/wp-content\/uploads\/2024\/01\/20231109_195600-768x1621.jpg 768w, https:\/\/ndeky.org\/wp-content\/uploads\/2024\/01\/20231109_195600-728x1536.jpg 728w, https:\/\/ndeky.org\/wp-content\/uploads\/2024\/01\/20231109_195600-970x2048.jpg 970w, https:\/\/ndeky.org\/wp-content\/uploads\/2024\/01\/20231109_195600-scaled.jpg 1213w\" sizes=\"auto, (max-width: 485px) 100vw, 485px\" \/><\/figure>\n<figcaption class=\"blocks-gallery-caption wp-element-caption\">Acci\u00f3n del proyecto NDEKY<\/figcaption><\/figure>\n\n\n\n<div class=\"wp-block-columns is-layout-flex wp-container-core-columns-is-layout-9d6595d7 wp-block-columns-is-layout-flex\">\n<div class=\"wp-block-column is-layout-flow wp-block-column-is-layout-flow\">\n<p><strong>PROYECTO NDEKY:<\/strong><\/p>\n\n\n\n<p><strong>UN POCO DE JUEGO, Y DESAYUNOS!!<\/strong><\/p>\n\n\n\n<p>Tenemos dos ideas principales, f\u00e1ciles y b\u00e1sicas:<\/p>\n\n\n\n<p>&#8220;Jugar&#8221; &#8212; dise\u00f1amos actividades un dia por semana. Jugaremos al futbol, y tocaremos un poco de percusi\u00f3n, que desestresa much\u00edsimo!!! y es bien divertido<\/p>\n\n\n\n<p>&#8220;Desayunos&#8221; &#8212; porque ning\u00fan ni\u00f1o juega con energ\u00eda si no ha desayunado<\/p>\n\n\n\n<div class=\"wp-block-buttons is-layout-flex wp-block-buttons-is-layout-flex\">\n<div class=\"wp-block-button\"><a class=\"wp-block-button__link wp-element-button\">DESAYUNAR + JUGAR = PROYECTO NDEKY<\/a><\/div>\n<\/div>\n<\/div>\n\n\n\n<div class=\"wp-block-column is-layout-flow wp-block-column-is-layout-flow\">\n<div class=\"wp-block-cover is-light has-custom-content-position is-position-bottom-left\"><span aria-hidden=\"true\" class=\"wp-block-cover__background has-background-dim-0 has-background-dim\"><\/span><img loading=\"lazy\" decoding=\"async\" width=\"992\" height=\"744\" class=\"wp-block-cover__image-background wp-image-50\" alt=\"\" src=\"https:\/\/ndeky.org\/wp-content\/uploads\/2024\/01\/Talleres-infantiles-de-danza-en-Senegal.jpeg\" data-object-fit=\"cover\" srcset=\"https:\/\/ndeky.org\/wp-content\/uploads\/2024\/01\/Talleres-infantiles-de-danza-en-Senegal.jpeg 992w, https:\/\/ndeky.org\/wp-content\/uploads\/2024\/01\/Talleres-infantiles-de-danza-en-Senegal-300x225.jpeg 300w, https:\/\/ndeky.org\/wp-content\/uploads\/2024\/01\/Talleres-infantiles-de-danza-en-Senegal-768x576.jpeg 768w\" sizes=\"auto, (max-width: 992px) 100vw, 992px\" \/><div class=\"wp-block-cover__inner-container is-layout-flow wp-block-cover-is-layout-flow\">\n<p class=\"has-text-align-left has-base-3-color has-contrast-2-background-color has-text-color has-background has-link-color wp-elements-05cf58c00d50f4df2c4feddda6ba16b1\" style=\"font-size:15px\"><strong>Talleres infantiles de danza en Senegal<\/strong><\/p>\n<\/div><\/div>\n<\/div>\n<\/div>\n\n\n\n<hr class=\"wp-block-separator has-alpha-channel-opacity\"\/>\n\n\n\n<p class=\"has-text-align-center\"><strong><em>Somos un grupo de amigos asociados con una misma inquietud: hacer mas bonita la infancia de un gran numero de ni\u00f1os que mendigan por las calles a diario en la ciudad de Saint Louis, Senegal. Este proyecto es una colaboraci\u00f3n entre Petit, Atou y Salam, como monitores principales de actividad, tres m\u00fasicos profesionales senegaleses, y alumnas de danza y familiares de la ciudad de Badajoz.<\/em><\/strong><\/p>\n\n\n\n<hr class=\"wp-block-separator has-alpha-channel-opacity\"\/>\n\n\n\n<p>Petit, Atou y Salam, lo monitores del proyecto:  la amistad que les une, desde la infancia, y su larga trayectoria de colaboraciones tanto en eventos profesionales, fiestas, eventos\u00a0(muchos a iniciativa propia y sin que haga falta m\u00e1s que la calle y sus tambores,\u00a0hace que sean especialmente claves en nuestro proyecto, ya que los propios ni\u00f1os les conocen y les piden atenci\u00f3n y m\u00fasica casi a diario.<\/p>\n\n\n\n<p>Yaara, y Samba son nuestros colaboradores especiales, y una servidora, la que escribe estas l\u00edneas junto con algunas compa\u00f1eras que apoyan este proyecto. al final, un grupo de personas, como t\u00fa.<\/p>\n\n\n\n<hr class=\"wp-block-separator has-alpha-channel-opacity\"\/>\n\n\n\n<p class=\"has-text-align-center\"><strong><em>Ellos son muchos. Seamos muchos tambi\u00e9n nosotros.<\/em><\/strong><\/p>\n\n\n\n<hr class=\"wp-block-separator has-alpha-channel-opacity\"\/>\n","protected":false},"excerpt":{"rendered":"<p>Actividades y reparto de tratamientos basicos: Nov2023 PROYECTO NDEKY: UN POCO DE JUEGO, Y DESAYUNOS!! Tenemos dos ideas principales, f\u00e1ciles y b\u00e1sicas: &#8220;Jugar&#8221; &#8212; dise\u00f1amos actividades un dia por semana. Jugaremos al futbol, y tocaremos un poco de percusi\u00f3n, que desestresa much\u00edsimo!!! y es bien divertido &#8220;Desayunos&#8221; &#8212; porque ning\u00fan ni\u00f1o juega con energ\u00eda si &#8230; <a title=\"Acci\u00f3n\" class=\"read-more\" href=\"https:\/\/ndeky.org\/index.php\/accion\/\" aria-label=\"Read more about Acci\u00f3n\">Read more<\/a><\/p>\n","protected":false},"author":2,"featured_media":0,"parent":0,"menu_order":0,"comment_status":"closed","ping_status":"closed","template":"","meta":{"footnotes":""},"class_list":["post-39","page","type-page","status-publish"],"yoast_head":"<!-- This site is optimized with the Yoast SEO plugin v27.0 - https:\/\/yoast.com\/product\/yoast-seo-wordpress\/ -->\n<title>Acci\u00f3n - Proyecto Ndeky<\/title>\n<meta name=\"robots\" content=\"index, follow, max-snippet:-1, max-image-preview:large, max-video-preview:-1\" \/>\n<link rel=\"canonical\" href=\"https:\/\/ndeky.org\/index.php\/accion\/\" \/>\n<meta property=\"og:locale\" content=\"en_US\" \/>\n<meta property=\"og:type\" content=\"article\" \/>\n<meta property=\"og:title\" content=\"Acci\u00f3n - Proyecto Ndeky\" \/>\n<meta property=\"og:description\" content=\"Actividades y reparto de tratamientos basicos: Nov2023 PROYECTO NDEKY: UN POCO DE JUEGO, Y DESAYUNOS!! Tenemos dos ideas principales, f\u00e1ciles y b\u00e1sicas: &#8220;Jugar&#8221; &#8212; dise\u00f1amos actividades un dia por semana. Jugaremos al futbol, y tocaremos un poco de percusi\u00f3n, que desestresa much\u00edsimo!!! y es bien divertido &#8220;Desayunos&#8221; &#8212; porque ning\u00fan ni\u00f1o juega con energ\u00eda si ... Read more\" \/>\n<meta property=\"og:url\" content=\"https:\/\/ndeky.org\/index.php\/accion\/\" \/>\n<meta property=\"og:site_name\" content=\"Proyecto Ndeky\" \/>\n<meta property=\"article:publisher\" content=\"https:\/\/www.facebook.com\/profile.php?id=100093903516674\" \/>\n<meta property=\"article:modified_time\" content=\"2024-02-06T11:47:18+00:00\" \/>\n<meta property=\"og:image\" content=\"https:\/\/ndeky.org\/wp-content\/uploads\/2024\/01\/LogoNdeky.png\" \/>\n\t<meta property=\"og:image:width\" content=\"299\" \/>\n\t<meta property=\"og:image:height\" content=\"276\" \/>\n\t<meta property=\"og:image:type\" content=\"image\/png\" \/>\n<meta name=\"twitter:card\" content=\"summary_large_image\" \/>\n<meta name=\"twitter:label1\" content=\"Est. reading time\" \/>\n\t<meta name=\"twitter:data1\" content=\"2 minutes\" \/>\n<script type=\"application\/ld+json\" class=\"yoast-schema-graph\">{\"@context\":\"https:\/\/schema.org\",\"@graph\":[{\"@type\":\"WebPage\",\"@id\":\"https:\/\/ndeky.org\/index.php\/accion\/\",\"url\":\"https:\/\/ndeky.org\/index.php\/accion\/\",\"name\":\"Acci\u00f3n - Proyecto Ndeky\",\"isPartOf\":{\"@id\":\"https:\/\/ndeky.org\/#website\"},\"primaryImageOfPage\":{\"@id\":\"https:\/\/ndeky.org\/index.php\/accion\/#primaryimage\"},\"image\":{\"@id\":\"https:\/\/ndeky.org\/index.php\/accion\/#primaryimage\"},\"thumbnailUrl\":\"https:\/\/ndeky.org\/wp-content\/uploads\/2024\/01\/LogoNdeky.png\",\"datePublished\":\"2024-01-26T17:25:59+00:00\",\"dateModified\":\"2024-02-06T11:47:18+00:00\",\"breadcrumb\":{\"@id\":\"https:\/\/ndeky.org\/index.php\/accion\/#breadcrumb\"},\"inLanguage\":\"en-US\",\"potentialAction\":[{\"@type\":\"ReadAction\",\"target\":[\"https:\/\/ndeky.org\/index.php\/accion\/\"]}]},{\"@type\":\"ImageObject\",\"inLanguage\":\"en-US\",\"@id\":\"https:\/\/ndeky.org\/index.php\/accion\/#primaryimage\",\"url\":\"https:\/\/ndeky.org\/wp-content\/uploads\/2024\/01\/LogoNdeky.png\",\"contentUrl\":\"https:\/\/ndeky.org\/wp-content\/uploads\/2024\/01\/LogoNdeky.png\",\"width\":299,\"height\":276},{\"@type\":\"BreadcrumbList\",\"@id\":\"https:\/\/ndeky.org\/index.php\/accion\/#breadcrumb\",\"itemListElement\":[{\"@type\":\"ListItem\",\"position\":1,\"name\":\"Home\",\"item\":\"https:\/\/ndeky.org\/\"},{\"@type\":\"ListItem\",\"position\":2,\"name\":\"Acci\u00f3n\"}]},{\"@type\":\"WebSite\",\"@id\":\"https:\/\/ndeky.org\/#website\",\"url\":\"https:\/\/ndeky.org\/\",\"name\":\"Proyecto Ndeky\",\"description\":\"Proyecto para infancia en Saint Louis, Senegal\",\"publisher\":{\"@id\":\"https:\/\/ndeky.org\/#organization\"},\"potentialAction\":[{\"@type\":\"SearchAction\",\"target\":{\"@type\":\"EntryPoint\",\"urlTemplate\":\"https:\/\/ndeky.org\/?s={search_term_string}\"},\"query-input\":{\"@type\":\"PropertyValueSpecification\",\"valueRequired\":true,\"valueName\":\"search_term_string\"}}],\"inLanguage\":\"en-US\"},{\"@type\":\"Organization\",\"@id\":\"https:\/\/ndeky.org\/#organization\",\"name\":\"Asociaci\u00f3n Ndeky \u00c1frica\",\"url\":\"https:\/\/ndeky.org\/\",\"logo\":{\"@type\":\"ImageObject\",\"inLanguage\":\"en-US\",\"@id\":\"https:\/\/ndeky.org\/#\/schema\/logo\/image\/\",\"url\":\"https:\/\/ndeky.org\/wp-content\/uploads\/2025\/06\/cropped-android-icon-48x48-1.png\",\"contentUrl\":\"https:\/\/ndeky.org\/wp-content\/uploads\/2025\/06\/cropped-android-icon-48x48-1.png\",\"width\":48,\"height\":48,\"caption\":\"Asociaci\u00f3n Ndeky \u00c1frica\"},\"image\":{\"@id\":\"https:\/\/ndeky.org\/#\/schema\/logo\/image\/\"},\"sameAs\":[\"https:\/\/www.facebook.com\/profile.php?id=100093903516674\",\"https:\/\/www.instagram.com\/proyectondeky\"]}]}<\/script>\n<!-- \/ Yoast SEO plugin. -->","yoast_head_json":{"title":"Acci\u00f3n - Proyecto Ndeky","robots":{"index":"index","follow":"follow","max-snippet":"max-snippet:-1","max-image-preview":"max-image-preview:large","max-video-preview":"max-video-preview:-1"},"canonical":"https:\/\/ndeky.org\/index.php\/accion\/","og_locale":"en_US","og_type":"article","og_title":"Acci\u00f3n - Proyecto Ndeky","og_description":"Actividades y reparto de tratamientos basicos: Nov2023 PROYECTO NDEKY: UN POCO DE JUEGO, Y DESAYUNOS!! Tenemos dos ideas principales, f\u00e1ciles y b\u00e1sicas: &#8220;Jugar&#8221; &#8212; dise\u00f1amos actividades un dia por semana. Jugaremos al futbol, y tocaremos un poco de percusi\u00f3n, que desestresa much\u00edsimo!!! y es bien divertido &#8220;Desayunos&#8221; &#8212; porque ning\u00fan ni\u00f1o juega con energ\u00eda si ... Read more","og_url":"https:\/\/ndeky.org\/index.php\/accion\/","og_site_name":"Proyecto Ndeky","article_publisher":"https:\/\/www.facebook.com\/profile.php?id=100093903516674","article_modified_time":"2024-02-06T11:47:18+00:00","og_image":[{"width":299,"height":276,"url":"https:\/\/ndeky.org\/wp-content\/uploads\/2024\/01\/LogoNdeky.png","type":"image\/png"}],"twitter_card":"summary_large_image","twitter_misc":{"Est. reading time":"2 minutes"},"schema":{"@context":"https:\/\/schema.org","@graph":[{"@type":"WebPage","@id":"https:\/\/ndeky.org\/index.php\/accion\/","url":"https:\/\/ndeky.org\/index.php\/accion\/","name":"Acci\u00f3n - Proyecto Ndeky","isPartOf":{"@id":"https:\/\/ndeky.org\/#website"},"primaryImageOfPage":{"@id":"https:\/\/ndeky.org\/index.php\/accion\/#primaryimage"},"image":{"@id":"https:\/\/ndeky.org\/index.php\/accion\/#primaryimage"},"thumbnailUrl":"https:\/\/ndeky.org\/wp-content\/uploads\/2024\/01\/LogoNdeky.png","datePublished":"2024-01-26T17:25:59+00:00","dateModified":"2024-02-06T11:47:18+00:00","breadcrumb":{"@id":"https:\/\/ndeky.org\/index.php\/accion\/#breadcrumb"},"inLanguage":"en-US","potentialAction":[{"@type":"ReadAction","target":["https:\/\/ndeky.org\/index.php\/accion\/"]}]},{"@type":"ImageObject","inLanguage":"en-US","@id":"https:\/\/ndeky.org\/index.php\/accion\/#primaryimage","url":"https:\/\/ndeky.org\/wp-content\/uploads\/2024\/01\/LogoNdeky.png","contentUrl":"https:\/\/ndeky.org\/wp-content\/uploads\/2024\/01\/LogoNdeky.png","width":299,"height":276},{"@type":"BreadcrumbList","@id":"https:\/\/ndeky.org\/index.php\/accion\/#breadcrumb","itemListElement":[{"@type":"ListItem","position":1,"name":"Home","item":"https:\/\/ndeky.org\/"},{"@type":"ListItem","position":2,"name":"Acci\u00f3n"}]},{"@type":"WebSite","@id":"https:\/\/ndeky.org\/#website","url":"https:\/\/ndeky.org\/","name":"Proyecto Ndeky","description":"Proyecto para infancia en Saint Louis, Senegal","publisher":{"@id":"https:\/\/ndeky.org\/#organization"},"potentialAction":[{"@type":"SearchAction","target":{"@type":"EntryPoint","urlTemplate":"https:\/\/ndeky.org\/?s={search_term_string}"},"query-input":{"@type":"PropertyValueSpecification","valueRequired":true,"valueName":"search_term_string"}}],"inLanguage":"en-US"},{"@type":"Organization","@id":"https:\/\/ndeky.org\/#organization","name":"Asociaci\u00f3n Ndeky \u00c1frica","url":"https:\/\/ndeky.org\/","logo":{"@type":"ImageObject","inLanguage":"en-US","@id":"https:\/\/ndeky.org\/#\/schema\/logo\/image\/","url":"https:\/\/ndeky.org\/wp-content\/uploads\/2025\/06\/cropped-android-icon-48x48-1.png","contentUrl":"https:\/\/ndeky.org\/wp-content\/uploads\/2025\/06\/cropped-android-icon-48x48-1.png","width":48,"height":48,"caption":"Asociaci\u00f3n Ndeky \u00c1frica"},"image":{"@id":"https:\/\/ndeky.org\/#\/schema\/logo\/image\/"},"sameAs":["https:\/\/www.facebook.com\/profile.php?id=100093903516674","https:\/\/www.instagram.com\/proyectondeky"]}]}},"_links":{"self":[{"href":"https:\/\/ndeky.org\/index.php\/wp-json\/wp\/v2\/pages\/39","targetHints":{"allow":["GET"]}}],"collection":[{"href":"https:\/\/ndeky.org\/index.php\/wp-json\/wp\/v2\/pages"}],"about":[{"href":"https:\/\/ndeky.org\/index.php\/wp-json\/wp\/v2\/types\/page"}],"author":[{"embeddable":true,"href":"https:\/\/ndeky.org\/index.php\/wp-json\/wp\/v2\/users\/2"}],"replies":[{"embeddable":true,"href":"https:\/\/ndeky.org\/index.php\/wp-json\/wp\/v2\/comments?post=39"}],"version-history":[{"count":16,"href":"https:\/\/ndeky.org\/index.php\/wp-json\/wp\/v2\/pages\/39\/revisions"}],"predecessor-version":[{"id":169,"href":"https:\/\/ndeky.org\/index.php\/wp-json\/wp\/v2\/pages\/39\/revisions\/169"}],"wp:attachment":[{"href":"https:\/\/ndeky.org\/index.php\/wp-json\/wp\/v2\/media?parent=39"}],"curies":[{"name":"wp","href":"https:\/\/api.w.org\/{rel}","templated":true}]}}